{"id":90,"date":"2020-05-29T17:48:27","date_gmt":"2020-05-29T17:48:27","guid":{"rendered":"http:\/\/miamitaxexpert.com\/?page_id=90"},"modified":"2020-08-04T15:49:53","modified_gmt":"2020-08-04T15:49:53","slug":"louis","status":"publish","type":"page","link":"https:\/\/miamitaxexpert.com\/es\/about-tax-expert\/louis\/","title":{"rendered":"Louis"},"content":{"rendered":"<div class=\"wp-block-group\"><div class=\"wp-block-group__inner-container is-layout-flow wp-block-group-is-layout-flow\">\n<div class=\"wp-block-group\"><div class=\"wp-block-group__inner-container is-layout-flow wp-block-group-is-layout-flow\">\n<div class=\"wp-block-group\"><div class=\"wp-block-group__inner-container is-layout-flow wp-block-group-is-layout-flow\">\n<img decoding=\"async\" src=\"\/wp-content\/uploads\/2020\/06\/Louis-Portrait.jpg\" style=\"float:left; margin-right:10px; margin-bottom:4px\">\n<h1 style=\"clear:none; margin-bottom:0px\"> Louis R. Diaz <\/h1>\n<span style=\"font-weight:bold\"> Asesor Fiscal Superior y Experto en Resoluci\u00f3n Fiscal <\/span> \n<br \/> <br \/>\n<span>Tel\u00e9fono: 305-810-8509\n<br \/>\n<span>Correo electr\u00f3nico: loudiaz@miamitaxexpert.com<\/span> \n<h3> Educaci\u00f3n <\/h3>\n<p> Louis tiene maestr\u00edas en negocios e impuestos. Ha asistido a la Universidad Nova Southeastern, la Universidad de Kansas y el Exelsior College. Louis tambi\u00e9n se gradu\u00f3 de la Escuela de Qu\u00edmica del Ej\u00e9rcito de los Estados Unidos y de la academia para suboficiales. <br\/><br\/>\nEl Servicio de Impuestos Internos le ha otorgado a Louis el estatus de Agente Registrado. <\/p>\n\n<h3> Experiencia <\/h3>\n<p> Louis es un asesor fiscal profesional y un defensor vigoroso de los derechos de los contribuyentes con m\u00e1s de veinte a\u00f1os de experiencia en gesti\u00f3n e impuestos en el sector privado.<br\/><br\/>\nLouis ha ocupado puestos gerenciales en dos de las tres principales firmas de impuestos del pa\u00eds y tambi\u00e9n ha sido propietario de una franquicia. Louis es el director ejecutivo de Miami Tax Expert inc. y Tax Relief Commandos corp. Louis es un exgerente del Departamento de Ingresos de Florida y un agente autorizado de salud, vida y anualidades. <\/p>\n\n<h3> Habilidades <\/h3>\n<p> Louis se especializa en declaraciones de impuestos individuales y corporativas complejas (30K a 8M), problemas de informes FBAR, presentaci\u00f3n de OVDI (Cuentas en el extranjero), representaci\u00f3n del IRS de individuos y empresas junto con Servicios de impuestos y contabilidad para pr\u00e1cticas legales y m\u00e9dicas. <br\/><br\/>\nLouis y sus empleados representan a clientes en 22 paises y en todos los estados de EE. UU. En los \u00faltimos dos a\u00f1os, la firma ha conseguido que se reduzcan m\u00e1s de $2,000,000 en multas federales y estatales. <\/p>\n<\/div><\/div>\n<\/div><\/div>\n<\/div><\/div>\n\n\n\n<p><\/p>","protected":false},"excerpt":{"rendered":"<p>Louis R. Diaz Sr. Tax Advisor &#038; Tax Resolution Expert Phone: 305-810-8509 Email: loudiaz@miamitaxexpert.com Education Louis holds masters degrees in business and taxation. He has attended Nova Southeastern University, the University of Kansas, and Exelsior College. Louis is also a graduate of the United States Army Chemical School and the NCO academy. Louis has been granted the status of Enrolled Agent by the Internal Revenue Service. Experience Louis is a Professional Tax Advisor and Vigorous [&hellip;]<\/p>","protected":false},"author":1,"featured_media":0,"parent":8,"menu_order":0,"comment_status":"closed","ping_status":"closed","template":"","meta":{"_monsterinsights_skip_tracking":false,"_monsterinsights_sitenote_active":false,"_monsterinsights_sitenote_note":"","_monsterinsights_sitenote_category":0,"footnotes":""},"class_list":["post-90","page","type-page","status-publish","hentry"],"yoast_head":"<!-- This site is optimized with the Yoast SEO Premium plugin v20.12 (Yoast SEO v26.0) - https:\/\/yoast.com\/wordpress\/plugins\/seo\/ -->\n<title>Louis - Miami Tax Expert<\/title>\n<meta name=\"robots\" content=\"index, follow, max-snippet:-1, max-image-preview:large, max-video-preview:-1\" \/>\n<link rel=\"canonical\" href=\"https:\/\/miamitaxexpert.com\/es\/about-tax-expert\/louis\/\" \/>\n<meta property=\"og:locale\" content=\"es_ES\" \/>\n<meta property=\"og:type\" content=\"article\" \/>\n<meta property=\"og:title\" content=\"Louis\" \/>\n<meta property=\"og:description\" content=\"Louis R. Diaz Sr. Tax Advisor &#038; Tax Resolution Expert Phone: 305-810-8509 Email: loudiaz@miamitaxexpert.com Education Louis holds masters degrees in business and taxation. He has attended Nova Southeastern University, the University of Kansas, and Exelsior College. Louis is also a graduate of the United States Army Chemical School and the NCO academy. Louis has been granted the status of Enrolled Agent by the Internal Revenue Service. Experience Louis is a Professional Tax Advisor and Vigorous [&hellip;]\" \/>\n<meta property=\"og:url\" content=\"https:\/\/miamitaxexpert.com\/es\/about-tax-expert\/louis\/\" \/>\n<meta property=\"og:site_name\" content=\"Miami Tax Expert\" \/>\n<meta property=\"article:publisher\" content=\"https:\/\/www.facebook.com\/Miami.Tax.Expert\/\" \/>\n<meta property=\"article:modified_time\" content=\"2020-08-04T15:49:53+00:00\" \/>\n<meta property=\"og:image\" content=\"https:\/\/miamitaxexpert.com\/wp-content\/uploads\/2020\/06\/Louis-Portrait.jpg\" \/>\n<meta name=\"twitter:card\" content=\"summary_large_image\" \/>\n<meta name=\"twitter:site\" content=\"@Did_u_File\" \/>\n<meta name=\"twitter:label1\" content=\"Tiempo de lectura\" \/>\n\t<meta name=\"twitter:data1\" content=\"1 minuto\" \/>\n<script type=\"application\/ld+json\" class=\"yoast-schema-graph\">{\"@context\":\"https:\/\/schema.org\",\"@graph\":[{\"@type\":\"WebPage\",\"@id\":\"https:\/\/miamitaxexpert.com\/about-tax-expert\/louis\/\",\"url\":\"https:\/\/miamitaxexpert.com\/about-tax-expert\/louis\/\",\"name\":\"Louis - Miami Tax Expert\",\"isPartOf\":{\"@id\":\"https:\/\/miamitaxexpert.com\/#website\"},\"datePublished\":\"2020-05-29T17:48:27+00:00\",\"dateModified\":\"2020-08-04T15:49:53+00:00\",\"breadcrumb\":{\"@id\":\"https:\/\/miamitaxexpert.com\/about-tax-expert\/louis\/#breadcrumb\"},\"inLanguage\":\"es\",\"potentialAction\":[{\"@type\":\"ReadAction\",\"target\":[\"https:\/\/miamitaxexpert.com\/about-tax-expert\/louis\/\"]}]},{\"@type\":\"BreadcrumbList\",\"@id\":\"https:\/\/miamitaxexpert.com\/about-tax-expert\/louis\/#breadcrumb\",\"itemListElement\":[{\"@type\":\"ListItem\",\"position\":1,\"name\":\"Home\",\"item\":\"https:\/\/miamitaxexpert.com\/\"},{\"@type\":\"ListItem\",\"position\":2,\"name\":\"About Us\",\"item\":\"https:\/\/miamitaxexpert.com\/about-tax-expert\/\"},{\"@type\":\"ListItem\",\"position\":3,\"name\":\"Louis\"}]},{\"@type\":\"WebSite\",\"@id\":\"https:\/\/miamitaxexpert.com\/#website\",\"url\":\"https:\/\/miamitaxexpert.com\/\",\"name\":\"Miami Tax Expert\",\"description\":\"\",\"publisher\":{\"@id\":\"https:\/\/miamitaxexpert.com\/#organization\"},\"potentialAction\":[{\"@type\":\"SearchAction\",\"target\":{\"@type\":\"EntryPoint\",\"urlTemplate\":\"https:\/\/miamitaxexpert.com\/?s={search_term_string}\"},\"query-input\":{\"@type\":\"PropertyValueSpecification\",\"valueRequired\":true,\"valueName\":\"search_term_string\"}}],\"inLanguage\":\"es\"},{\"@type\":\"Organization\",\"@id\":\"https:\/\/miamitaxexpert.com\/#organization\",\"name\":\"Miami Tax Expert\",\"url\":\"https:\/\/miamitaxexpert.com\/\",\"logo\":{\"@type\":\"ImageObject\",\"inLanguage\":\"es\",\"@id\":\"https:\/\/miamitaxexpert.com\/#\/schema\/logo\/image\/\",\"url\":\"https:\/\/miamitaxexpert.com\/wp-content\/uploads\/2020\/05\/129CE3DB25EC3877.png\",\"contentUrl\":\"https:\/\/miamitaxexpert.com\/wp-content\/uploads\/2020\/05\/129CE3DB25EC3877.png\",\"width\":109,\"height\":166,\"caption\":\"Miami Tax Expert\"},\"image\":{\"@id\":\"https:\/\/miamitaxexpert.com\/#\/schema\/logo\/image\/\"},\"sameAs\":[\"https:\/\/www.facebook.com\/Miami.Tax.Expert\/\",\"https:\/\/x.com\/Did_u_File\",\"https:\/\/www.instagram.com\/miami_tax_expert\/\",\"https:\/\/www.linkedin.com\/company\/miami-tax-expert\/\"]}]}<\/script>\n<!-- \/ Yoast SEO Premium plugin. -->","yoast_head_json":{"title":"Louis - Miami Tax Expert","robots":{"index":"index","follow":"follow","max-snippet":"max-snippet:-1","max-image-preview":"max-image-preview:large","max-video-preview":"max-video-preview:-1"},"canonical":"https:\/\/miamitaxexpert.com\/es\/about-tax-expert\/louis\/","og_locale":"es_ES","og_type":"article","og_title":"Louis","og_description":"Louis R. Diaz Sr. Tax Advisor &#038; Tax Resolution Expert Phone: 305-810-8509 Email: loudiaz@miamitaxexpert.com Education Louis holds masters degrees in business and taxation. He has attended Nova Southeastern University, the University of Kansas, and Exelsior College. Louis is also a graduate of the United States Army Chemical School and the NCO academy. Louis has been granted the status of Enrolled Agent by the Internal Revenue Service. Experience Louis is a Professional Tax Advisor and Vigorous [&hellip;]","og_url":"https:\/\/miamitaxexpert.com\/es\/about-tax-expert\/louis\/","og_site_name":"Miami Tax Expert","article_publisher":"https:\/\/www.facebook.com\/Miami.Tax.Expert\/","article_modified_time":"2020-08-04T15:49:53+00:00","og_image":[{"url":"https:\/\/miamitaxexpert.com\/wp-content\/uploads\/2020\/06\/Louis-Portrait.jpg","type":"","width":"","height":""}],"twitter_card":"summary_large_image","twitter_site":"@Did_u_File","twitter_misc":{"Tiempo de lectura":"1 minuto"},"schema":{"@context":"https:\/\/schema.org","@graph":[{"@type":"WebPage","@id":"https:\/\/miamitaxexpert.com\/about-tax-expert\/louis\/","url":"https:\/\/miamitaxexpert.com\/about-tax-expert\/louis\/","name":"Louis - Miami Tax Expert","isPartOf":{"@id":"https:\/\/miamitaxexpert.com\/#website"},"datePublished":"2020-05-29T17:48:27+00:00","dateModified":"2020-08-04T15:49:53+00:00","breadcrumb":{"@id":"https:\/\/miamitaxexpert.com\/about-tax-expert\/louis\/#breadcrumb"},"inLanguage":"es","potentialAction":[{"@type":"ReadAction","target":["https:\/\/miamitaxexpert.com\/about-tax-expert\/louis\/"]}]},{"@type":"BreadcrumbList","@id":"https:\/\/miamitaxexpert.com\/about-tax-expert\/louis\/#breadcrumb","itemListElement":[{"@type":"ListItem","position":1,"name":"Home","item":"https:\/\/miamitaxexpert.com\/"},{"@type":"ListItem","position":2,"name":"About Us","item":"https:\/\/miamitaxexpert.com\/about-tax-expert\/"},{"@type":"ListItem","position":3,"name":"Louis"}]},{"@type":"WebSite","@id":"https:\/\/miamitaxexpert.com\/#website","url":"https:\/\/miamitaxexpert.com\/","name":"Miami Tax Expert","description":"","publisher":{"@id":"https:\/\/miamitaxexpert.com\/#organization"},"potentialAction":[{"@type":"SearchAction","target":{"@type":"EntryPoint","urlTemplate":"https:\/\/miamitaxexpert.com\/?s={search_term_string}"},"query-input":{"@type":"PropertyValueSpecification","valueRequired":true,"valueName":"search_term_string"}}],"inLanguage":"es"},{"@type":"Organization","@id":"https:\/\/miamitaxexpert.com\/#organization","name":"Miami Tax Expert","url":"https:\/\/miamitaxexpert.com\/","logo":{"@type":"ImageObject","inLanguage":"es","@id":"https:\/\/miamitaxexpert.com\/#\/schema\/logo\/image\/","url":"https:\/\/miamitaxexpert.com\/wp-content\/uploads\/2020\/05\/129CE3DB25EC3877.png","contentUrl":"https:\/\/miamitaxexpert.com\/wp-content\/uploads\/2020\/05\/129CE3DB25EC3877.png","width":109,"height":166,"caption":"Miami Tax Expert"},"image":{"@id":"https:\/\/miamitaxexpert.com\/#\/schema\/logo\/image\/"},"sameAs":["https:\/\/www.facebook.com\/Miami.Tax.Expert\/","https:\/\/x.com\/Did_u_File","https:\/\/www.instagram.com\/miami_tax_expert\/","https:\/\/www.linkedin.com\/company\/miami-tax-expert\/"]}]}},"_links":{"self":[{"href":"https:\/\/miamitaxexpert.com\/es\/wp-json\/wp\/v2\/pages\/90","targetHints":{"allow":["GET"]}}],"collection":[{"href":"https:\/\/miamitaxexpert.com\/es\/wp-json\/wp\/v2\/pages"}],"about":[{"href":"https:\/\/miamitaxexpert.com\/es\/wp-json\/wp\/v2\/types\/page"}],"author":[{"embeddable":true,"href":"https:\/\/miamitaxexpert.com\/es\/wp-json\/wp\/v2\/users\/1"}],"replies":[{"embeddable":true,"href":"https:\/\/miamitaxexpert.com\/es\/wp-json\/wp\/v2\/comments?post=90"}],"version-history":[{"count":0,"href":"https:\/\/miamitaxexpert.com\/es\/wp-json\/wp\/v2\/pages\/90\/revisions"}],"up":[{"embeddable":true,"href":"https:\/\/miamitaxexpert.com\/es\/wp-json\/wp\/v2\/pages\/8"}],"wp:attachment":[{"href":"https:\/\/miamitaxexpert.com\/es\/wp-json\/wp\/v2\/media?parent=90"}],"curies":[{"name":"wp","href":"https:\/\/api.w.org\/{rel}","templated":true}]}}