{"id":8,"date":"2020-05-27T15:47:21","date_gmt":"2020-05-27T15:47:21","guid":{"rendered":"http:\/\/miamitaxexpert.com\/?page_id=8"},"modified":"2023-07-28T05:55:05","modified_gmt":"2023-07-28T05:55:05","slug":"about-tax-expert","status":"publish","type":"page","link":"https:\/\/miamitaxexpert.com\/es\/about-tax-expert\/","title":{"rendered":"Informaci\u00f3n"},"content":{"rendered":"<p>Do not settle for less when it comes to saving tax dollars or facing the IRS on your own. Our team consists of only the most educated, dedicated, and knowledgeable tax experts .&nbsp;While many may say that it is difficult to become a tax expert, we feel comfortable with that role due to our years of experience and willingness to research and find the right answer. So tax experts? Yes we are, why because we have taken the time to educate our staff and use only to best research tools to leave no stone unturned.<\/p>\n\n\n\n<p>We take a personalized approach to your tax returns. Our team takes an active approach to examining your tax situation and how we can save you time and money as any great tax expert would do. <a href=\"https:\/\/en.wikipedia.org\/wiki\/Death_and_taxes_(idiom)\" target=\"_blank\" rel=\"noreferrer noopener\">Benjamin Franklin<\/a> once said &#8220;there are two things that can&#8217;t be avoided, death and taxes&#8221;. Taxes can&#8217;t be avoided, but we can ensure that your return is prepared correctly.<\/p>\n\n\n\n<div class=\"wp-block-group\"><div class=\"wp-block-group__inner-container is-layout-flow wp-block-group-is-layout-flow\">\n<h2 class=\"wp-block-heading\" id=\"h-our-team\">Nuestro equipo<\/h2>\n<\/div><\/div>\n\n\n\n<div align=\"center\">\n    <div>\n<a href=\"\/es\/MTE\/about\/Louis\/\">\n        <div class=\"container\"> \n<img decoding=\"async\" src=\"\/wp-content\/uploads\/2020\/06\/unnamed.jpg\" alt=\"Louis Diaz\" class=\"image\" style=\"width:200px; height:200px\">\n            <div class=\"overlay  overlayTop\">\n                <div class=\"text\">Louis<\/div>\n            <\/div>\n        <\/div>\n<\/a>\n\n<a href=\"\/es\/MTE\/about\/Brittany\/\">\n        <div class=\"container\">\n            <img decoding=\"async\" src=\"\/wp-content\/uploads\/2020\/07\/f37701cc-fce0-4f93-8ab0-10e143889efc.jpg\" alt=\"Avatar\" class=\"image\" style=\"width:150px; height:200px\">\n            <div class=\"overlay overlayTop\">\n                <div class=\"text\">Brittany<\/div>\n            <\/div>\n        <\/div>\n<\/a>\n\n<a href=\"\/es\/MTE\/about\/Bill\/\">\n        <div class=\"container\">\n            <img decoding=\"async\" src=\"\/wp-content\/uploads\/2020\/06\/Bill.jpg\" alt=\"Avatar\" class=\"image\" style=\"width:200px;height:200px\">\n            <div class=\"overlay overlayTop\">\n                <div class=\"text\">Bill<\/div>\n            <\/div>\n        <\/div>\n<\/a>\n\n    <\/div>\n    <div>\n<a href=\"\/es\/about\/Brandon\/\">\n        <div class=\"container\">\n            <img decoding=\"async\" src=\"\/wp-content\/uploads\/2020\/06\/0.jpg\" alt=\"Avatar\" class=\"image\" style=\"width:200px; height:200px\">\n            <div class=\"overlay overlayTop\">\n                <div class=\"text\">Brandon<\/div>\n            <\/div>\n        <\/div>\n<\/a>\n\n<a href=\"\/es\/MTE\/about\/Misu\/\">\n        <div class=\"container\">\n            <img decoding=\"async\" src=\"\/wp-content\/uploads\/2020\/06\/TaxCatSquare.jpg\" alt=\"Avatar\" class=\"image\" style=\"width:200px; height:200px\">\n            <div class=\"overlay overlayTop\">\n                <div class=\"text\">Tax Cat<\/div>\n            <\/div>\n<\/a>\n        <\/div>\n\n\n\n<!-- <a href=\"\"> -->\n        <div class=\"container\">\n<!--            <img \nsrc=\"\/wp-content\/uploads\/2020\/05\/129CE3DB25EC3877.png\" alt=\"Avatar\" class=\"image\"> -->\n            <div>\n                <div class=\"text\"><\/div>\n            <\/div>\n<!-- <\/a> -->\n        <\/div>\n\n\n\n\n    <\/div>\n\n<\/div>\n\n\n\n<h2 class=\"wp-block-heading\" id=\"h-big-and-small\">Ayudamos a todos<\/h2>\n\n\n\n<p>Nuestros clientes incluyen peque\u00f1as familias y empresas, hasta las personas m\u00e1s acomodadas y corporaciones complejas. Nos especializamos no solo en la preparaci\u00f3n de impuestos, sino tambi\u00e9n en la legislaci\u00f3n fiscal t\u00e9cnica y contable.&nbsp;<\/p>\n\n\n\n<p>Our tax experts understand the issues that you may be facing but why should you trust us? Because thousands of people have over the last twenty-five years. Unquestionably things like unfiled tax returns, unpaid taxes, pending audits, or tax levies dont happen overnight but they do disrupt your life and your business. We can help and are trained to do so no matter what type of tax situation your facing.<\/p>\n\n\n\n<h2 class=\"wp-block-heading\" id=\"h-leave-it-to-nbsp-us\">Dejanoslo a nosotros<\/h2>\n\n\n\n<p>Let our tax experts do the heavy lifting while you focus on your business and your family. Our Team has represented hundreds of clients before the IRS and our goal is to make the process as headache-free as possible for you. We aim to save you as much money as possible on your annual tax returns.<\/p>\n\n\n\n<p>We are true tax experts! <\/p>","protected":false},"excerpt":{"rendered":"<p>Do not settle for less when it comes to saving tax dollars or facing the IRS on your own. Our team consists of only the most educated, dedicated, and knowledgeable tax experts .&nbsp;While many may say that it is difficult to become a tax expert, we feel comfortable with that role due to our years of experience and willingness to research and find the right answer. So tax experts? Yes we are, why because we [&hellip;]<\/p>","protected":false},"author":1,"featured_media":0,"parent":0,"menu_order":0,"comment_status":"closed","ping_status":"closed","template":"","meta":{"_monsterinsights_skip_tracking":false,"_monsterinsights_sitenote_active":false,"_monsterinsights_sitenote_note":"","_monsterinsights_sitenote_category":0,"footnotes":""},"class_list":["post-8","page","type-page","status-publish","hentry"],"yoast_head":"<!-- This site is optimized with the Yoast SEO Premium plugin v20.12 (Yoast SEO v26.0) - https:\/\/yoast.com\/wordpress\/plugins\/seo\/ -->\n<title>Best Tax Expert in Miami<\/title>\n<meta name=\"description\" content=\"Our tax expert team consists of educated, dedicated, and knowledgeable professionals. We take a personalized approach.\" \/>\n<meta name=\"robots\" content=\"index, follow, max-snippet:-1, max-image-preview:large, max-video-preview:-1\" \/>\n<link rel=\"canonical\" href=\"https:\/\/miamitaxexpert.com\/es\/about-tax-expert\/\" \/>\n<meta property=\"og:locale\" content=\"es_ES\" \/>\n<meta property=\"og:type\" content=\"article\" \/>\n<meta property=\"og:title\" content=\"Tax Expert Lou Diaz\" \/>\n<meta property=\"og:description\" content=\"Our tax expert team consists of educated, dedicated, and knowledgeable professionals. We take a personalized approach.\" \/>\n<meta property=\"og:url\" content=\"https:\/\/miamitaxexpert.com\/es\/about-tax-expert\/\" \/>\n<meta property=\"og:site_name\" content=\"Miami Tax Expert\" \/>\n<meta property=\"article:publisher\" content=\"https:\/\/www.facebook.com\/Miami.Tax.Expert\/\" \/>\n<meta property=\"article:modified_time\" content=\"2023-07-28T05:55:05+00:00\" \/>\n<meta name=\"twitter:card\" content=\"summary_large_image\" \/>\n<meta name=\"twitter:title\" content=\"Tax Expert Lou Diaz\" \/>\n<meta name=\"twitter:site\" content=\"@Did_u_File\" \/>\n<meta name=\"twitter:label1\" content=\"Tiempo de lectura\" \/>\n\t<meta name=\"twitter:data1\" content=\"3 minutos\" \/>\n<script type=\"application\/ld+json\" class=\"yoast-schema-graph\">{\"@context\":\"https:\/\/schema.org\",\"@graph\":[{\"@type\":\"WebPage\",\"@id\":\"https:\/\/miamitaxexpert.com\/about-tax-expert\/\",\"url\":\"https:\/\/miamitaxexpert.com\/about-tax-expert\/\",\"name\":\"Best Tax Expert in Miami\",\"isPartOf\":{\"@id\":\"https:\/\/miamitaxexpert.com\/#website\"},\"datePublished\":\"2020-05-27T15:47:21+00:00\",\"dateModified\":\"2023-07-28T05:55:05+00:00\",\"description\":\"Our tax expert team consists of educated, dedicated, and knowledgeable professionals. We take a personalized approach.\",\"breadcrumb\":{\"@id\":\"https:\/\/miamitaxexpert.com\/about-tax-expert\/#breadcrumb\"},\"inLanguage\":\"es\",\"potentialAction\":[{\"@type\":\"ReadAction\",\"target\":[\"https:\/\/miamitaxexpert.com\/about-tax-expert\/\"]}]},{\"@type\":\"BreadcrumbList\",\"@id\":\"https:\/\/miamitaxexpert.com\/about-tax-expert\/#breadcrumb\",\"itemListElement\":[{\"@type\":\"ListItem\",\"position\":1,\"name\":\"Home\",\"item\":\"https:\/\/miamitaxexpert.com\/\"},{\"@type\":\"ListItem\",\"position\":2,\"name\":\"About Us\"}]},{\"@type\":\"WebSite\",\"@id\":\"https:\/\/miamitaxexpert.com\/#website\",\"url\":\"https:\/\/miamitaxexpert.com\/\",\"name\":\"Miami Tax Expert\",\"description\":\"\",\"publisher\":{\"@id\":\"https:\/\/miamitaxexpert.com\/#organization\"},\"potentialAction\":[{\"@type\":\"SearchAction\",\"target\":{\"@type\":\"EntryPoint\",\"urlTemplate\":\"https:\/\/miamitaxexpert.com\/?s={search_term_string}\"},\"query-input\":{\"@type\":\"PropertyValueSpecification\",\"valueRequired\":true,\"valueName\":\"search_term_string\"}}],\"inLanguage\":\"es\"},{\"@type\":\"Organization\",\"@id\":\"https:\/\/miamitaxexpert.com\/#organization\",\"name\":\"Miami Tax Expert\",\"url\":\"https:\/\/miamitaxexpert.com\/\",\"logo\":{\"@type\":\"ImageObject\",\"inLanguage\":\"es\",\"@id\":\"https:\/\/miamitaxexpert.com\/#\/schema\/logo\/image\/\",\"url\":\"https:\/\/miamitaxexpert.com\/wp-content\/uploads\/2020\/05\/129CE3DB25EC3877.png\",\"contentUrl\":\"https:\/\/miamitaxexpert.com\/wp-content\/uploads\/2020\/05\/129CE3DB25EC3877.png\",\"width\":109,\"height\":166,\"caption\":\"Miami Tax Expert\"},\"image\":{\"@id\":\"https:\/\/miamitaxexpert.com\/#\/schema\/logo\/image\/\"},\"sameAs\":[\"https:\/\/www.facebook.com\/Miami.Tax.Expert\/\",\"https:\/\/x.com\/Did_u_File\",\"https:\/\/www.instagram.com\/miami_tax_expert\/\",\"https:\/\/www.linkedin.com\/company\/miami-tax-expert\/\"]}]}<\/script>\n<!-- \/ Yoast SEO Premium plugin. -->","yoast_head_json":{"title":"Best Tax Expert in Miami","description":"Our tax expert team consists of educated, dedicated, and knowledgeable professionals. We take a personalized approach.","robots":{"index":"index","follow":"follow","max-snippet":"max-snippet:-1","max-image-preview":"max-image-preview:large","max-video-preview":"max-video-preview:-1"},"canonical":"https:\/\/miamitaxexpert.com\/es\/about-tax-expert\/","og_locale":"es_ES","og_type":"article","og_title":"Tax Expert Lou Diaz","og_description":"Our tax expert team consists of educated, dedicated, and knowledgeable professionals. We take a personalized approach.","og_url":"https:\/\/miamitaxexpert.com\/es\/about-tax-expert\/","og_site_name":"Miami Tax Expert","article_publisher":"https:\/\/www.facebook.com\/Miami.Tax.Expert\/","article_modified_time":"2023-07-28T05:55:05+00:00","twitter_card":"summary_large_image","twitter_title":"Tax Expert Lou Diaz","twitter_site":"@Did_u_File","twitter_misc":{"Tiempo de lectura":"3 minutos"},"schema":{"@context":"https:\/\/schema.org","@graph":[{"@type":"WebPage","@id":"https:\/\/miamitaxexpert.com\/about-tax-expert\/","url":"https:\/\/miamitaxexpert.com\/about-tax-expert\/","name":"Best Tax Expert in Miami","isPartOf":{"@id":"https:\/\/miamitaxexpert.com\/#website"},"datePublished":"2020-05-27T15:47:21+00:00","dateModified":"2023-07-28T05:55:05+00:00","description":"Our tax expert team consists of educated, dedicated, and knowledgeable professionals. We take a personalized approach.","breadcrumb":{"@id":"https:\/\/miamitaxexpert.com\/about-tax-expert\/#breadcrumb"},"inLanguage":"es","potentialAction":[{"@type":"ReadAction","target":["https:\/\/miamitaxexpert.com\/about-tax-expert\/"]}]},{"@type":"BreadcrumbList","@id":"https:\/\/miamitaxexpert.com\/about-tax-expert\/#breadcrumb","itemListElement":[{"@type":"ListItem","position":1,"name":"Home","item":"https:\/\/miamitaxexpert.com\/"},{"@type":"ListItem","position":2,"name":"About Us"}]},{"@type":"WebSite","@id":"https:\/\/miamitaxexpert.com\/#website","url":"https:\/\/miamitaxexpert.com\/","name":"Miami Tax Expert","description":"","publisher":{"@id":"https:\/\/miamitaxexpert.com\/#organization"},"potentialAction":[{"@type":"SearchAction","target":{"@type":"EntryPoint","urlTemplate":"https:\/\/miamitaxexpert.com\/?s={search_term_string}"},"query-input":{"@type":"PropertyValueSpecification","valueRequired":true,"valueName":"search_term_string"}}],"inLanguage":"es"},{"@type":"Organization","@id":"https:\/\/miamitaxexpert.com\/#organization","name":"Miami Tax Expert","url":"https:\/\/miamitaxexpert.com\/","logo":{"@type":"ImageObject","inLanguage":"es","@id":"https:\/\/miamitaxexpert.com\/#\/schema\/logo\/image\/","url":"https:\/\/miamitaxexpert.com\/wp-content\/uploads\/2020\/05\/129CE3DB25EC3877.png","contentUrl":"https:\/\/miamitaxexpert.com\/wp-content\/uploads\/2020\/05\/129CE3DB25EC3877.png","width":109,"height":166,"caption":"Miami Tax Expert"},"image":{"@id":"https:\/\/miamitaxexpert.com\/#\/schema\/logo\/image\/"},"sameAs":["https:\/\/www.facebook.com\/Miami.Tax.Expert\/","https:\/\/x.com\/Did_u_File","https:\/\/www.instagram.com\/miami_tax_expert\/","https:\/\/www.linkedin.com\/company\/miami-tax-expert\/"]}]}},"_links":{"self":[{"href":"https:\/\/miamitaxexpert.com\/es\/wp-json\/wp\/v2\/pages\/8","targetHints":{"allow":["GET"]}}],"collection":[{"href":"https:\/\/miamitaxexpert.com\/es\/wp-json\/wp\/v2\/pages"}],"about":[{"href":"https:\/\/miamitaxexpert.com\/es\/wp-json\/wp\/v2\/types\/page"}],"author":[{"embeddable":true,"href":"https:\/\/miamitaxexpert.com\/es\/wp-json\/wp\/v2\/users\/1"}],"replies":[{"embeddable":true,"href":"https:\/\/miamitaxexpert.com\/es\/wp-json\/wp\/v2\/comments?post=8"}],"version-history":[{"count":0,"href":"https:\/\/miamitaxexpert.com\/es\/wp-json\/wp\/v2\/pages\/8\/revisions"}],"wp:attachment":[{"href":"https:\/\/miamitaxexpert.com\/es\/wp-json\/wp\/v2\/media?parent=8"}],"curies":[{"name":"wp","href":"https:\/\/api.w.org\/{rel}","templated":true}]}}