{"id":426,"date":"2021-02-15T20:48:34","date_gmt":"2021-02-15T20:48:34","guid":{"rendered":"https:\/\/miamitaxexpert.com\/?page_id=426"},"modified":"2023-07-28T00:32:51","modified_gmt":"2023-07-28T00:32:51","slug":"itin","status":"publish","type":"page","link":"https:\/\/miamitaxexpert.com\/es\/itin\/","title":{"rendered":"N\u00famero de ITIN"},"content":{"rendered":"<p><strong>\u00bfQu\u00e9 es un ITIN y para qu\u00e9 se utiliza?<\/strong><\/p>\n\n\n\n<p>An ITIN,&nbsp;or Individual Taxpayer Identification Number, is a tax processing number issued by the Internal Revenue Service(IRS). ITINs are issued by the IRS to people who require a U.S. taxpayer ID number but are ineligible to receive a Social Security Number.<\/p>\n\n\n\n<p>Cualquier persona puedes obtener un ITIN sin importar su estado migratorio. Las personas deben tener un requisito de presentaci\u00f3n y presentar una declaraci\u00f3n de impuestos v\u00e1lida para recibir un n\u00famero ITIN.<\/p>\n\n\n\n<p class=\"has-text-align-center\"><strong>Si necesita ayuda obteniendo su n\u00famero ITIN, comun\u00edquese con Miami Tax Expert hoy para un servicio de la mejor calidad.<\/strong><\/p>\n\n\n\n<div class=\"wp-block-buttons aligncenter is-layout-flex wp-block-buttons-is-layout-flex\">\n<div class=\"wp-block-button\"><a class=\"wp-block-button__link has-white-color has-text-color has-background\" href=\"..\/contact\" style=\"background-color:#168686\">Cont\u00e1ctanos Hoy<\/a><\/div>\n<\/div>\n\n\n\n<figure class=\"wp-block-image size-large\"><img loading=\"lazy\" decoding=\"async\" width=\"800\" height=\"535\" src=\"https:\/\/miamitaxexpert.com\/wp-content\/uploads\/2021\/02\/5e1e47a85be2ed6240a83525_rsz_adobestock_5166329__1_.jpg\" alt=\"\" class=\"wp-image-428\" srcset=\"https:\/\/miamitaxexpert.com\/wp-content\/uploads\/2021\/02\/5e1e47a85be2ed6240a83525_rsz_adobestock_5166329__1_.jpg 800w, https:\/\/miamitaxexpert.com\/wp-content\/uploads\/2021\/02\/5e1e47a85be2ed6240a83525_rsz_adobestock_5166329__1_-300x201.jpg 300w, https:\/\/miamitaxexpert.com\/wp-content\/uploads\/2021\/02\/5e1e47a85be2ed6240a83525_rsz_adobestock_5166329__1_-768x514.jpg 768w, https:\/\/miamitaxexpert.com\/wp-content\/uploads\/2021\/02\/5e1e47a85be2ed6240a83525_rsz_adobestock_5166329__1_-16x12.jpg 16w\" sizes=\"auto, (max-width: 800px) 100vw, 800px\" \/><\/figure>","protected":false},"excerpt":{"rendered":"<p>What is an ITIN, and what is it used for? An ITIN,&nbsp;or Individual Taxpayer Identification Number, is a tax processing number issued by the Internal Revenue Service(IRS). ITINs are issued by the IRS to people who require a U.S. taxpayer ID number but are ineligible to receive a Social Security Number. ITINs can be issued to anyone regardless of immigration status. Individuals&nbsp;must have a filing requirement and file a valid tax return to receive an [&hellip;]<\/p>","protected":false},"author":1,"featured_media":0,"parent":0,"menu_order":0,"comment_status":"closed","ping_status":"closed","template":"","meta":{"_monsterinsights_skip_tracking":false,"_monsterinsights_sitenote_active":false,"_monsterinsights_sitenote_note":"","_monsterinsights_sitenote_category":0,"footnotes":""},"class_list":["post-426","page","type-page","status-publish","hentry"],"yoast_head":"<!-- This site is optimized with the Yoast SEO Premium plugin v20.12 (Yoast SEO v26.0) - https:\/\/yoast.com\/wordpress\/plugins\/seo\/ -->\n<title>ITIN Number - Miami Tax Expert<\/title>\n<meta name=\"robots\" content=\"index, follow, max-snippet:-1, max-image-preview:large, max-video-preview:-1\" \/>\n<link rel=\"canonical\" href=\"https:\/\/miamitaxexpert.com\/es\/itin\/\" \/>\n<meta property=\"og:locale\" content=\"es_ES\" \/>\n<meta property=\"og:type\" content=\"article\" \/>\n<meta property=\"og:title\" content=\"ITIN Number\" \/>\n<meta property=\"og:description\" content=\"What is an ITIN, and what is it used for? An ITIN,&nbsp;or Individual Taxpayer Identification Number, is a tax processing number issued by the Internal Revenue Service(IRS). ITINs are issued by the IRS to people who require a U.S. taxpayer ID number but are ineligible to receive a Social Security Number. ITINs can be issued to anyone regardless of immigration status. Individuals&nbsp;must have a filing requirement and file a valid tax return to receive an [&hellip;]\" \/>\n<meta property=\"og:url\" content=\"https:\/\/miamitaxexpert.com\/es\/itin\/\" \/>\n<meta property=\"og:site_name\" content=\"Miami Tax Expert\" \/>\n<meta property=\"article:publisher\" content=\"https:\/\/www.facebook.com\/Miami.Tax.Expert\/\" \/>\n<meta property=\"article:modified_time\" content=\"2023-07-28T00:32:51+00:00\" \/>\n<meta property=\"og:image\" content=\"https:\/\/miamitaxexpert.com\/wp-content\/uploads\/2021\/02\/5e1e47a85be2ed6240a83525_rsz_adobestock_5166329__1_.jpg\" \/>\n<meta name=\"twitter:card\" content=\"summary_large_image\" \/>\n<meta name=\"twitter:site\" content=\"@Did_u_File\" \/>\n<meta name=\"twitter:label1\" content=\"Tiempo de lectura\" \/>\n\t<meta name=\"twitter:data1\" content=\"1 minuto\" \/>\n<script type=\"application\/ld+json\" class=\"yoast-schema-graph\">{\"@context\":\"https:\/\/schema.org\",\"@graph\":[{\"@type\":\"WebPage\",\"@id\":\"https:\/\/miamitaxexpert.com\/itin\/\",\"url\":\"https:\/\/miamitaxexpert.com\/itin\/\",\"name\":\"ITIN Number - Miami Tax Expert\",\"isPartOf\":{\"@id\":\"https:\/\/miamitaxexpert.com\/#website\"},\"primaryImageOfPage\":{\"@id\":\"https:\/\/miamitaxexpert.com\/itin\/#primaryimage\"},\"image\":{\"@id\":\"https:\/\/miamitaxexpert.com\/itin\/#primaryimage\"},\"thumbnailUrl\":\"https:\/\/miamitaxexpert.com\/wp-content\/uploads\/2021\/02\/5e1e47a85be2ed6240a83525_rsz_adobestock_5166329__1_.jpg\",\"datePublished\":\"2021-02-15T20:48:34+00:00\",\"dateModified\":\"2023-07-28T00:32:51+00:00\",\"breadcrumb\":{\"@id\":\"https:\/\/miamitaxexpert.com\/itin\/#breadcrumb\"},\"inLanguage\":\"es\",\"potentialAction\":[{\"@type\":\"ReadAction\",\"target\":[\"https:\/\/miamitaxexpert.com\/itin\/\"]}]},{\"@type\":\"ImageObject\",\"inLanguage\":\"es\",\"@id\":\"https:\/\/miamitaxexpert.com\/itin\/#primaryimage\",\"url\":\"https:\/\/miamitaxexpert.com\/wp-content\/uploads\/2021\/02\/5e1e47a85be2ed6240a83525_rsz_adobestock_5166329__1_.jpg\",\"contentUrl\":\"https:\/\/miamitaxexpert.com\/wp-content\/uploads\/2021\/02\/5e1e47a85be2ed6240a83525_rsz_adobestock_5166329__1_.jpg\"},{\"@type\":\"BreadcrumbList\",\"@id\":\"https:\/\/miamitaxexpert.com\/itin\/#breadcrumb\",\"itemListElement\":[{\"@type\":\"ListItem\",\"position\":1,\"name\":\"Home\",\"item\":\"https:\/\/miamitaxexpert.com\/\"},{\"@type\":\"ListItem\",\"position\":2,\"name\":\"ITIN Number\"}]},{\"@type\":\"WebSite\",\"@id\":\"https:\/\/miamitaxexpert.com\/#website\",\"url\":\"https:\/\/miamitaxexpert.com\/\",\"name\":\"Miami Tax Expert\",\"description\":\"\",\"publisher\":{\"@id\":\"https:\/\/miamitaxexpert.com\/#organization\"},\"potentialAction\":[{\"@type\":\"SearchAction\",\"target\":{\"@type\":\"EntryPoint\",\"urlTemplate\":\"https:\/\/miamitaxexpert.com\/?s={search_term_string}\"},\"query-input\":{\"@type\":\"PropertyValueSpecification\",\"valueRequired\":true,\"valueName\":\"search_term_string\"}}],\"inLanguage\":\"es\"},{\"@type\":\"Organization\",\"@id\":\"https:\/\/miamitaxexpert.com\/#organization\",\"name\":\"Miami Tax Expert\",\"url\":\"https:\/\/miamitaxexpert.com\/\",\"logo\":{\"@type\":\"ImageObject\",\"inLanguage\":\"es\",\"@id\":\"https:\/\/miamitaxexpert.com\/#\/schema\/logo\/image\/\",\"url\":\"https:\/\/miamitaxexpert.com\/wp-content\/uploads\/2020\/05\/129CE3DB25EC3877.png\",\"contentUrl\":\"https:\/\/miamitaxexpert.com\/wp-content\/uploads\/2020\/05\/129CE3DB25EC3877.png\",\"width\":109,\"height\":166,\"caption\":\"Miami Tax Expert\"},\"image\":{\"@id\":\"https:\/\/miamitaxexpert.com\/#\/schema\/logo\/image\/\"},\"sameAs\":[\"https:\/\/www.facebook.com\/Miami.Tax.Expert\/\",\"https:\/\/x.com\/Did_u_File\",\"https:\/\/www.instagram.com\/miami_tax_expert\/\",\"https:\/\/www.linkedin.com\/company\/miami-tax-expert\/\"]}]}<\/script>\n<!-- \/ Yoast SEO Premium plugin. -->","yoast_head_json":{"title":"ITIN Number - Miami Tax Expert","robots":{"index":"index","follow":"follow","max-snippet":"max-snippet:-1","max-image-preview":"max-image-preview:large","max-video-preview":"max-video-preview:-1"},"canonical":"https:\/\/miamitaxexpert.com\/es\/itin\/","og_locale":"es_ES","og_type":"article","og_title":"ITIN Number","og_description":"What is an ITIN, and what is it used for? An ITIN,&nbsp;or Individual Taxpayer Identification Number, is a tax processing number issued by the Internal Revenue Service(IRS). ITINs are issued by the IRS to people who require a U.S. taxpayer ID number but are ineligible to receive a Social Security Number. ITINs can be issued to anyone regardless of immigration status. Individuals&nbsp;must have a filing requirement and file a valid tax return to receive an [&hellip;]","og_url":"https:\/\/miamitaxexpert.com\/es\/itin\/","og_site_name":"Miami Tax Expert","article_publisher":"https:\/\/www.facebook.com\/Miami.Tax.Expert\/","article_modified_time":"2023-07-28T00:32:51+00:00","og_image":[{"url":"https:\/\/miamitaxexpert.com\/wp-content\/uploads\/2021\/02\/5e1e47a85be2ed6240a83525_rsz_adobestock_5166329__1_.jpg","type":"","width":"","height":""}],"twitter_card":"summary_large_image","twitter_site":"@Did_u_File","twitter_misc":{"Tiempo de lectura":"1 minuto"},"schema":{"@context":"https:\/\/schema.org","@graph":[{"@type":"WebPage","@id":"https:\/\/miamitaxexpert.com\/itin\/","url":"https:\/\/miamitaxexpert.com\/itin\/","name":"ITIN Number - Miami Tax Expert","isPartOf":{"@id":"https:\/\/miamitaxexpert.com\/#website"},"primaryImageOfPage":{"@id":"https:\/\/miamitaxexpert.com\/itin\/#primaryimage"},"image":{"@id":"https:\/\/miamitaxexpert.com\/itin\/#primaryimage"},"thumbnailUrl":"https:\/\/miamitaxexpert.com\/wp-content\/uploads\/2021\/02\/5e1e47a85be2ed6240a83525_rsz_adobestock_5166329__1_.jpg","datePublished":"2021-02-15T20:48:34+00:00","dateModified":"2023-07-28T00:32:51+00:00","breadcrumb":{"@id":"https:\/\/miamitaxexpert.com\/itin\/#breadcrumb"},"inLanguage":"es","potentialAction":[{"@type":"ReadAction","target":["https:\/\/miamitaxexpert.com\/itin\/"]}]},{"@type":"ImageObject","inLanguage":"es","@id":"https:\/\/miamitaxexpert.com\/itin\/#primaryimage","url":"https:\/\/miamitaxexpert.com\/wp-content\/uploads\/2021\/02\/5e1e47a85be2ed6240a83525_rsz_adobestock_5166329__1_.jpg","contentUrl":"https:\/\/miamitaxexpert.com\/wp-content\/uploads\/2021\/02\/5e1e47a85be2ed6240a83525_rsz_adobestock_5166329__1_.jpg"},{"@type":"BreadcrumbList","@id":"https:\/\/miamitaxexpert.com\/itin\/#breadcrumb","itemListElement":[{"@type":"ListItem","position":1,"name":"Home","item":"https:\/\/miamitaxexpert.com\/"},{"@type":"ListItem","position":2,"name":"ITIN Number"}]},{"@type":"WebSite","@id":"https:\/\/miamitaxexpert.com\/#website","url":"https:\/\/miamitaxexpert.com\/","name":"Miami Tax Expert","description":"","publisher":{"@id":"https:\/\/miamitaxexpert.com\/#organization"},"potentialAction":[{"@type":"SearchAction","target":{"@type":"EntryPoint","urlTemplate":"https:\/\/miamitaxexpert.com\/?s={search_term_string}"},"query-input":{"@type":"PropertyValueSpecification","valueRequired":true,"valueName":"search_term_string"}}],"inLanguage":"es"},{"@type":"Organization","@id":"https:\/\/miamitaxexpert.com\/#organization","name":"Miami Tax Expert","url":"https:\/\/miamitaxexpert.com\/","logo":{"@type":"ImageObject","inLanguage":"es","@id":"https:\/\/miamitaxexpert.com\/#\/schema\/logo\/image\/","url":"https:\/\/miamitaxexpert.com\/wp-content\/uploads\/2020\/05\/129CE3DB25EC3877.png","contentUrl":"https:\/\/miamitaxexpert.com\/wp-content\/uploads\/2020\/05\/129CE3DB25EC3877.png","width":109,"height":166,"caption":"Miami Tax Expert"},"image":{"@id":"https:\/\/miamitaxexpert.com\/#\/schema\/logo\/image\/"},"sameAs":["https:\/\/www.facebook.com\/Miami.Tax.Expert\/","https:\/\/x.com\/Did_u_File","https:\/\/www.instagram.com\/miami_tax_expert\/","https:\/\/www.linkedin.com\/company\/miami-tax-expert\/"]}]}},"_links":{"self":[{"href":"https:\/\/miamitaxexpert.com\/es\/wp-json\/wp\/v2\/pages\/426","targetHints":{"allow":["GET"]}}],"collection":[{"href":"https:\/\/miamitaxexpert.com\/es\/wp-json\/wp\/v2\/pages"}],"about":[{"href":"https:\/\/miamitaxexpert.com\/es\/wp-json\/wp\/v2\/types\/page"}],"author":[{"embeddable":true,"href":"https:\/\/miamitaxexpert.com\/es\/wp-json\/wp\/v2\/users\/1"}],"replies":[{"embeddable":true,"href":"https:\/\/miamitaxexpert.com\/es\/wp-json\/wp\/v2\/comments?post=426"}],"version-history":[{"count":0,"href":"https:\/\/miamitaxexpert.com\/es\/wp-json\/wp\/v2\/pages\/426\/revisions"}],"wp:attachment":[{"href":"https:\/\/miamitaxexpert.com\/es\/wp-json\/wp\/v2\/media?parent=426"}],"curies":[{"name":"wp","href":"https:\/\/api.w.org\/{rel}","templated":true}]}}