{"id":207,"date":"2020-06-10T17:37:49","date_gmt":"2020-06-10T17:37:49","guid":{"rendered":"http:\/\/miamitaxexpert.com\/?page_id=207"},"modified":"2020-07-31T19:22:58","modified_gmt":"2020-07-31T19:22:58","slug":"misu","status":"publish","type":"page","link":"https:\/\/miamitaxexpert.com\/es\/about-tax-expert\/misu\/","title":{"rendered":"Misu"},"content":{"rendered":"<div class=\"wp-block-group\"><div class=\"wp-block-group__inner-container is-layout-flow wp-block-group-is-layout-flow\">\n<div class=\"wp-block-group\"><div class=\"wp-block-group__inner-container is-layout-flow wp-block-group-is-layout-flow\">\n<div class=\"wp-block-group\"><div class=\"wp-block-group__inner-container is-layout-flow wp-block-group-is-layout-flow\">\n<img decoding=\"async\" src=\"\/wp-content\/uploads\/2020\/06\/TaxCatSquare.jpg\" style=\"float:left; margin-right:10px; margin-bottom:4px; width:200px; height:200px\">\n<h1 style=\"clear:none; margin-bottom:0px\"> Misu Diaz <\/h1>\n<span style=\"font-weight:bold\"> Mascota y Modelo <\/span> \n<!--\n<br \/> <br \/>\n<span>Phone: 305-810-8509<span>\n<br \/>\n<span>Email: loudiaz@miamitaxexpert.com<\/span> \n-->\n<h3> Educaci\u00f3n <\/h3>\n<p> Misu ha sido entrenada como modelo, posando para muchas fotos en nuestra p\u00e1gina de <a href=\"https:\/\/www.instagram.com\/miami_tax_expert\/\">instagram<\/a>.<\/p>\n\n<h3> Experiencia <\/h3>\n<p> Misu tiene experiencia en las calles de Hialeah, donde pas\u00f3 sus primeros a\u00f1os. Misu cuenta con m\u00e1s de una d\u00e9cada de experiencia como gato dom\u00e9stico, con varios a\u00f1os en su carrera como modelo en Miami Tax Expert.  <\/p>\n\n<h3> Habilidades <\/h3>\n<p> Misu se especializa en modelar, dormir, comer y cazar animales peque\u00f1as.  <\/p>\n<\/div><\/div>\n<\/div><\/div>\n<\/div><\/div>\n\n\n\n<p><\/p>","protected":false},"excerpt":{"rendered":"<p>Misu Diaz Mascot and Model Education Misu has been trained as a model, posing for many pictures on our instagram page. Experience Misu has experience in the streets of Hialeah, where she spent her early years. Misu boasts over a decade of experience as a house cat, with multiple years in her modeling career at Miami Tax Expert. Skills Misu speciallizes in modeling, sleeping, eating, and hunting small prey.<\/p>","protected":false},"author":1,"featured_media":0,"parent":8,"menu_order":0,"comment_status":"closed","ping_status":"closed","template":"","meta":{"_monsterinsights_skip_tracking":false,"_monsterinsights_sitenote_active":false,"_monsterinsights_sitenote_note":"","_monsterinsights_sitenote_category":0,"footnotes":""},"class_list":["post-207","page","type-page","status-publish","hentry"],"yoast_head":"<!-- This site is optimized with the Yoast SEO Premium plugin v20.12 (Yoast SEO v26.0) - https:\/\/yoast.com\/wordpress\/plugins\/seo\/ -->\n<title>Misu - Miami Tax Expert<\/title>\n<meta name=\"robots\" content=\"index, follow, max-snippet:-1, max-image-preview:large, max-video-preview:-1\" \/>\n<link rel=\"canonical\" href=\"https:\/\/miamitaxexpert.com\/es\/about-tax-expert\/misu\/\" \/>\n<meta property=\"og:locale\" content=\"es_ES\" \/>\n<meta property=\"og:type\" content=\"article\" \/>\n<meta property=\"og:title\" content=\"Misu\" \/>\n<meta property=\"og:description\" content=\"Misu Diaz Mascot and Model Education Misu has been trained as a model, posing for many pictures on our instagram page. Experience Misu has experience in the streets of Hialeah, where she spent her early years. Misu boasts over a decade of experience as a house cat, with multiple years in her modeling career at Miami Tax Expert. Skills Misu speciallizes in modeling, sleeping, eating, and hunting small prey.\" \/>\n<meta property=\"og:url\" content=\"https:\/\/miamitaxexpert.com\/es\/about-tax-expert\/misu\/\" \/>\n<meta property=\"og:site_name\" content=\"Miami Tax Expert\" \/>\n<meta property=\"article:publisher\" content=\"https:\/\/www.facebook.com\/Miami.Tax.Expert\/\" \/>\n<meta property=\"article:modified_time\" content=\"2020-07-31T19:22:58+00:00\" \/>\n<meta property=\"og:image\" content=\"https:\/\/miamitaxexpert.com\/wp-content\/uploads\/2020\/06\/TaxCatSquare.jpg\" \/>\n<meta name=\"twitter:card\" content=\"summary_large_image\" \/>\n<meta name=\"twitter:site\" content=\"@Did_u_File\" \/>\n<script type=\"application\/ld+json\" class=\"yoast-schema-graph\">{\"@context\":\"https:\/\/schema.org\",\"@graph\":[{\"@type\":\"WebPage\",\"@id\":\"https:\/\/miamitaxexpert.com\/about-tax-expert\/misu\/\",\"url\":\"https:\/\/miamitaxexpert.com\/about-tax-expert\/misu\/\",\"name\":\"Misu - Miami Tax Expert\",\"isPartOf\":{\"@id\":\"https:\/\/miamitaxexpert.com\/#website\"},\"datePublished\":\"2020-06-10T17:37:49+00:00\",\"dateModified\":\"2020-07-31T19:22:58+00:00\",\"breadcrumb\":{\"@id\":\"https:\/\/miamitaxexpert.com\/about-tax-expert\/misu\/#breadcrumb\"},\"inLanguage\":\"es\",\"potentialAction\":[{\"@type\":\"ReadAction\",\"target\":[\"https:\/\/miamitaxexpert.com\/about-tax-expert\/misu\/\"]}]},{\"@type\":\"BreadcrumbList\",\"@id\":\"https:\/\/miamitaxexpert.com\/about-tax-expert\/misu\/#breadcrumb\",\"itemListElement\":[{\"@type\":\"ListItem\",\"position\":1,\"name\":\"Home\",\"item\":\"https:\/\/miamitaxexpert.com\/\"},{\"@type\":\"ListItem\",\"position\":2,\"name\":\"About Us\",\"item\":\"https:\/\/miamitaxexpert.com\/about-tax-expert\/\"},{\"@type\":\"ListItem\",\"position\":3,\"name\":\"Misu\"}]},{\"@type\":\"WebSite\",\"@id\":\"https:\/\/miamitaxexpert.com\/#website\",\"url\":\"https:\/\/miamitaxexpert.com\/\",\"name\":\"Miami Tax Expert\",\"description\":\"\",\"publisher\":{\"@id\":\"https:\/\/miamitaxexpert.com\/#organization\"},\"potentialAction\":[{\"@type\":\"SearchAction\",\"target\":{\"@type\":\"EntryPoint\",\"urlTemplate\":\"https:\/\/miamitaxexpert.com\/?s={search_term_string}\"},\"query-input\":{\"@type\":\"PropertyValueSpecification\",\"valueRequired\":true,\"valueName\":\"search_term_string\"}}],\"inLanguage\":\"es\"},{\"@type\":\"Organization\",\"@id\":\"https:\/\/miamitaxexpert.com\/#organization\",\"name\":\"Miami Tax Expert\",\"url\":\"https:\/\/miamitaxexpert.com\/\",\"logo\":{\"@type\":\"ImageObject\",\"inLanguage\":\"es\",\"@id\":\"https:\/\/miamitaxexpert.com\/#\/schema\/logo\/image\/\",\"url\":\"https:\/\/miamitaxexpert.com\/wp-content\/uploads\/2020\/05\/129CE3DB25EC3877.png\",\"contentUrl\":\"https:\/\/miamitaxexpert.com\/wp-content\/uploads\/2020\/05\/129CE3DB25EC3877.png\",\"width\":109,\"height\":166,\"caption\":\"Miami Tax Expert\"},\"image\":{\"@id\":\"https:\/\/miamitaxexpert.com\/#\/schema\/logo\/image\/\"},\"sameAs\":[\"https:\/\/www.facebook.com\/Miami.Tax.Expert\/\",\"https:\/\/x.com\/Did_u_File\",\"https:\/\/www.instagram.com\/miami_tax_expert\/\",\"https:\/\/www.linkedin.com\/company\/miami-tax-expert\/\"]}]}<\/script>\n<!-- \/ Yoast SEO Premium plugin. -->","yoast_head_json":{"title":"Misu - Miami Tax Expert","robots":{"index":"index","follow":"follow","max-snippet":"max-snippet:-1","max-image-preview":"max-image-preview:large","max-video-preview":"max-video-preview:-1"},"canonical":"https:\/\/miamitaxexpert.com\/es\/about-tax-expert\/misu\/","og_locale":"es_ES","og_type":"article","og_title":"Misu","og_description":"Misu Diaz Mascot and Model Education Misu has been trained as a model, posing for many pictures on our instagram page. Experience Misu has experience in the streets of Hialeah, where she spent her early years. Misu boasts over a decade of experience as a house cat, with multiple years in her modeling career at Miami Tax Expert. Skills Misu speciallizes in modeling, sleeping, eating, and hunting small prey.","og_url":"https:\/\/miamitaxexpert.com\/es\/about-tax-expert\/misu\/","og_site_name":"Miami Tax Expert","article_publisher":"https:\/\/www.facebook.com\/Miami.Tax.Expert\/","article_modified_time":"2020-07-31T19:22:58+00:00","og_image":[{"url":"https:\/\/miamitaxexpert.com\/wp-content\/uploads\/2020\/06\/TaxCatSquare.jpg","type":"","width":"","height":""}],"twitter_card":"summary_large_image","twitter_site":"@Did_u_File","schema":{"@context":"https:\/\/schema.org","@graph":[{"@type":"WebPage","@id":"https:\/\/miamitaxexpert.com\/about-tax-expert\/misu\/","url":"https:\/\/miamitaxexpert.com\/about-tax-expert\/misu\/","name":"Misu - Miami Tax Expert","isPartOf":{"@id":"https:\/\/miamitaxexpert.com\/#website"},"datePublished":"2020-06-10T17:37:49+00:00","dateModified":"2020-07-31T19:22:58+00:00","breadcrumb":{"@id":"https:\/\/miamitaxexpert.com\/about-tax-expert\/misu\/#breadcrumb"},"inLanguage":"es","potentialAction":[{"@type":"ReadAction","target":["https:\/\/miamitaxexpert.com\/about-tax-expert\/misu\/"]}]},{"@type":"BreadcrumbList","@id":"https:\/\/miamitaxexpert.com\/about-tax-expert\/misu\/#breadcrumb","itemListElement":[{"@type":"ListItem","position":1,"name":"Home","item":"https:\/\/miamitaxexpert.com\/"},{"@type":"ListItem","position":2,"name":"About Us","item":"https:\/\/miamitaxexpert.com\/about-tax-expert\/"},{"@type":"ListItem","position":3,"name":"Misu"}]},{"@type":"WebSite","@id":"https:\/\/miamitaxexpert.com\/#website","url":"https:\/\/miamitaxexpert.com\/","name":"Miami Tax Expert","description":"","publisher":{"@id":"https:\/\/miamitaxexpert.com\/#organization"},"potentialAction":[{"@type":"SearchAction","target":{"@type":"EntryPoint","urlTemplate":"https:\/\/miamitaxexpert.com\/?s={search_term_string}"},"query-input":{"@type":"PropertyValueSpecification","valueRequired":true,"valueName":"search_term_string"}}],"inLanguage":"es"},{"@type":"Organization","@id":"https:\/\/miamitaxexpert.com\/#organization","name":"Miami Tax Expert","url":"https:\/\/miamitaxexpert.com\/","logo":{"@type":"ImageObject","inLanguage":"es","@id":"https:\/\/miamitaxexpert.com\/#\/schema\/logo\/image\/","url":"https:\/\/miamitaxexpert.com\/wp-content\/uploads\/2020\/05\/129CE3DB25EC3877.png","contentUrl":"https:\/\/miamitaxexpert.com\/wp-content\/uploads\/2020\/05\/129CE3DB25EC3877.png","width":109,"height":166,"caption":"Miami Tax Expert"},"image":{"@id":"https:\/\/miamitaxexpert.com\/#\/schema\/logo\/image\/"},"sameAs":["https:\/\/www.facebook.com\/Miami.Tax.Expert\/","https:\/\/x.com\/Did_u_File","https:\/\/www.instagram.com\/miami_tax_expert\/","https:\/\/www.linkedin.com\/company\/miami-tax-expert\/"]}]}},"_links":{"self":[{"href":"https:\/\/miamitaxexpert.com\/es\/wp-json\/wp\/v2\/pages\/207","targetHints":{"allow":["GET"]}}],"collection":[{"href":"https:\/\/miamitaxexpert.com\/es\/wp-json\/wp\/v2\/pages"}],"about":[{"href":"https:\/\/miamitaxexpert.com\/es\/wp-json\/wp\/v2\/types\/page"}],"author":[{"embeddable":true,"href":"https:\/\/miamitaxexpert.com\/es\/wp-json\/wp\/v2\/users\/1"}],"replies":[{"embeddable":true,"href":"https:\/\/miamitaxexpert.com\/es\/wp-json\/wp\/v2\/comments?post=207"}],"version-history":[{"count":0,"href":"https:\/\/miamitaxexpert.com\/es\/wp-json\/wp\/v2\/pages\/207\/revisions"}],"up":[{"embeddable":true,"href":"https:\/\/miamitaxexpert.com\/es\/wp-json\/wp\/v2\/pages\/8"}],"wp:attachment":[{"href":"https:\/\/miamitaxexpert.com\/es\/wp-json\/wp\/v2\/media?parent=207"}],"curies":[{"name":"wp","href":"https:\/\/api.w.org\/{rel}","templated":true}]}}