{"id":203,"date":"2020-06-10T17:37:40","date_gmt":"2020-06-10T17:37:40","guid":{"rendered":"http:\/\/miamitaxexpert.com\/?page_id=203"},"modified":"2022-01-13T18:37:53","modified_gmt":"2022-01-13T18:37:53","slug":"bill","status":"publish","type":"page","link":"https:\/\/miamitaxexpert.com\/es\/about-tax-expert\/bill\/","title":{"rendered":"Bill"},"content":{"rendered":"<div class=\"wp-block-group\"><div class=\"wp-block-group__inner-container is-layout-flow wp-block-group-is-layout-flow\">\n<div class=\"wp-block-group\"><div class=\"wp-block-group__inner-container is-layout-flow wp-block-group-is-layout-flow\">\n<div class=\"wp-block-group\"><div class=\"wp-block-group__inner-container is-layout-flow wp-block-group-is-layout-flow\">\n<img decoding=\"async\" src=\"\/wp-content\/uploads\/2020\/06\/Bill.jpg\" style=\"float:left; margin-right:10px; margin-bottom:4px\">\n<h1 style=\"clear:none; margin-bottom:0px\"> William J. Ryan <\/h1>\n<span style=\"font-weight:bold\"> Master Tax Advisor <\/span> \n<br> <br>\n<span style=\"display:none\">Phone: \/\/TODO<\/span>\n<br>\n<span>Correo electr\u00f3nico: wryan@miamitaxexpert.com\t<\/span> \n<h3> Educaci\u00f3n <\/h3>\n<p> Bill holds a bachelors degree in accounting, which he earned at Baruch College(CUNY). <\/p>\n\n<h3> Experiencia <\/h3>\n<p> Bill es un profesional de impuestos y contabilidad altamente experimentado con m\u00e1s de cuarenta a\u00f1os de experiencia, que actualmente brinda servicios de contabilidad a varios mayoristas, empresas de medios y empresas de servicios del sur de la Florida. \n<br> <br>\nBill tiene m\u00e1s de 30 a\u00f1os de logros innovadores y galardonados, incluido su desempe\u00f1o como creador y presidente de Bankrate.com, fundador y editor de LatinGirl, la revista hispana para adolescentes, director de operaciones de la revista The Source, presidente de Cowles Business Media, grupo editor de American Lawyer Media, presidente de Business Times en ESPN y presidente\/editor de The Village Voice. Los premios incluyen numerosos premios de Internet, un ACE (Premio a la Excelencia en Cable) y el Premio Pulitzer. <\/p>\n\n<h3> Habilidades <\/h3>\n<p> Bill es un QuickBooks ProAdvisor certificado, que brinda servicios de contabilidad completos, como la instalaci\u00f3n del software QuickBooks, el ingreso de cuentas y la preparaci\u00f3n de estados financieros para todos los ingresos locales y federales. Bill tambi\u00e9n ofrece experiencia financiera: asistencia en presupuestos, proyecciones, planes de negocios, adquisiciones, fusiones, obtenci\u00f3n de capital y financiaci\u00f3n mezzanine.\n <\/p>\n<\/div><\/div>\n<\/div><\/div>\n<\/div><\/div>","protected":false},"excerpt":{"rendered":"<p>William J. Ryan Master Tax Advisor Phone: \/\/TODO Email: wryan@miamitaxexpert.com Education Bill holds a bachelors degree in accounting, which he earned at Baruch College(CUNY). Experience Bill is a highly experienced tax and accounting professional with over forty years of experience, currently providing accounting services to several South Florida wholesalers, media companies, and service companies. Bill has more than 30 years of innovative and award-winning achievements including serving as creator and president of Bankrate.com, founder and [&hellip;]<\/p>","protected":false},"author":1,"featured_media":0,"parent":8,"menu_order":0,"comment_status":"closed","ping_status":"closed","template":"","meta":{"_monsterinsights_skip_tracking":false,"_monsterinsights_sitenote_active":false,"_monsterinsights_sitenote_note":"","_monsterinsights_sitenote_category":0,"footnotes":""},"class_list":["post-203","page","type-page","status-publish","hentry"],"yoast_head":"<!-- This site is optimized with the Yoast SEO Premium plugin v20.12 (Yoast SEO v26.0) - https:\/\/yoast.com\/wordpress\/plugins\/seo\/ -->\n<title>Bill - Miami Tax Expert<\/title>\n<meta name=\"robots\" content=\"index, follow, max-snippet:-1, max-image-preview:large, max-video-preview:-1\" \/>\n<link rel=\"canonical\" href=\"https:\/\/miamitaxexpert.com\/es\/about-tax-expert\/bill\/\" \/>\n<meta property=\"og:locale\" content=\"es_ES\" \/>\n<meta property=\"og:type\" content=\"article\" \/>\n<meta property=\"og:title\" content=\"Bill\" \/>\n<meta property=\"og:description\" content=\"William J. Ryan Master Tax Advisor Phone: \/\/TODO Email: wryan@miamitaxexpert.com Education Bill holds a bachelors degree in accounting, which he earned at Baruch College(CUNY). Experience Bill is a highly experienced tax and accounting professional with over forty years of experience, currently providing accounting services to several South Florida wholesalers, media companies, and service companies. Bill has more than 30 years of innovative and award-winning achievements including serving as creator and president of Bankrate.com, founder and [&hellip;]\" \/>\n<meta property=\"og:url\" content=\"https:\/\/miamitaxexpert.com\/es\/about-tax-expert\/bill\/\" \/>\n<meta property=\"og:site_name\" content=\"Miami Tax Expert\" \/>\n<meta property=\"article:publisher\" content=\"https:\/\/www.facebook.com\/Miami.Tax.Expert\/\" \/>\n<meta property=\"article:modified_time\" content=\"2022-01-13T18:37:53+00:00\" \/>\n<meta property=\"og:image\" content=\"https:\/\/miamitaxexpert.com\/wp-content\/uploads\/2020\/06\/Bill.jpg\" \/>\n<meta name=\"twitter:card\" content=\"summary_large_image\" \/>\n<meta name=\"twitter:site\" content=\"@Did_u_File\" \/>\n<meta name=\"twitter:label1\" content=\"Tiempo de lectura\" \/>\n\t<meta name=\"twitter:data1\" content=\"1 minuto\" \/>\n<script type=\"application\/ld+json\" class=\"yoast-schema-graph\">{\"@context\":\"https:\/\/schema.org\",\"@graph\":[{\"@type\":\"WebPage\",\"@id\":\"https:\/\/miamitaxexpert.com\/about-tax-expert\/bill\/\",\"url\":\"https:\/\/miamitaxexpert.com\/about-tax-expert\/bill\/\",\"name\":\"Bill - Miami Tax Expert\",\"isPartOf\":{\"@id\":\"https:\/\/miamitaxexpert.com\/#website\"},\"datePublished\":\"2020-06-10T17:37:40+00:00\",\"dateModified\":\"2022-01-13T18:37:53+00:00\",\"breadcrumb\":{\"@id\":\"https:\/\/miamitaxexpert.com\/about-tax-expert\/bill\/#breadcrumb\"},\"inLanguage\":\"es\",\"potentialAction\":[{\"@type\":\"ReadAction\",\"target\":[\"https:\/\/miamitaxexpert.com\/about-tax-expert\/bill\/\"]}]},{\"@type\":\"BreadcrumbList\",\"@id\":\"https:\/\/miamitaxexpert.com\/about-tax-expert\/bill\/#breadcrumb\",\"itemListElement\":[{\"@type\":\"ListItem\",\"position\":1,\"name\":\"Home\",\"item\":\"https:\/\/miamitaxexpert.com\/\"},{\"@type\":\"ListItem\",\"position\":2,\"name\":\"About Us\",\"item\":\"https:\/\/miamitaxexpert.com\/about-tax-expert\/\"},{\"@type\":\"ListItem\",\"position\":3,\"name\":\"Bill\"}]},{\"@type\":\"WebSite\",\"@id\":\"https:\/\/miamitaxexpert.com\/#website\",\"url\":\"https:\/\/miamitaxexpert.com\/\",\"name\":\"Miami Tax Expert\",\"description\":\"\",\"publisher\":{\"@id\":\"https:\/\/miamitaxexpert.com\/#organization\"},\"potentialAction\":[{\"@type\":\"SearchAction\",\"target\":{\"@type\":\"EntryPoint\",\"urlTemplate\":\"https:\/\/miamitaxexpert.com\/?s={search_term_string}\"},\"query-input\":{\"@type\":\"PropertyValueSpecification\",\"valueRequired\":true,\"valueName\":\"search_term_string\"}}],\"inLanguage\":\"es\"},{\"@type\":\"Organization\",\"@id\":\"https:\/\/miamitaxexpert.com\/#organization\",\"name\":\"Miami Tax Expert\",\"url\":\"https:\/\/miamitaxexpert.com\/\",\"logo\":{\"@type\":\"ImageObject\",\"inLanguage\":\"es\",\"@id\":\"https:\/\/miamitaxexpert.com\/#\/schema\/logo\/image\/\",\"url\":\"https:\/\/miamitaxexpert.com\/wp-content\/uploads\/2020\/05\/129CE3DB25EC3877.png\",\"contentUrl\":\"https:\/\/miamitaxexpert.com\/wp-content\/uploads\/2020\/05\/129CE3DB25EC3877.png\",\"width\":109,\"height\":166,\"caption\":\"Miami Tax Expert\"},\"image\":{\"@id\":\"https:\/\/miamitaxexpert.com\/#\/schema\/logo\/image\/\"},\"sameAs\":[\"https:\/\/www.facebook.com\/Miami.Tax.Expert\/\",\"https:\/\/x.com\/Did_u_File\",\"https:\/\/www.instagram.com\/miami_tax_expert\/\",\"https:\/\/www.linkedin.com\/company\/miami-tax-expert\/\"]}]}<\/script>\n<!-- \/ Yoast SEO Premium plugin. -->","yoast_head_json":{"title":"Bill - Miami Tax Expert","robots":{"index":"index","follow":"follow","max-snippet":"max-snippet:-1","max-image-preview":"max-image-preview:large","max-video-preview":"max-video-preview:-1"},"canonical":"https:\/\/miamitaxexpert.com\/es\/about-tax-expert\/bill\/","og_locale":"es_ES","og_type":"article","og_title":"Bill","og_description":"William J. Ryan Master Tax Advisor Phone: \/\/TODO Email: wryan@miamitaxexpert.com Education Bill holds a bachelors degree in accounting, which he earned at Baruch College(CUNY). Experience Bill is a highly experienced tax and accounting professional with over forty years of experience, currently providing accounting services to several South Florida wholesalers, media companies, and service companies. Bill has more than 30 years of innovative and award-winning achievements including serving as creator and president of Bankrate.com, founder and [&hellip;]","og_url":"https:\/\/miamitaxexpert.com\/es\/about-tax-expert\/bill\/","og_site_name":"Miami Tax Expert","article_publisher":"https:\/\/www.facebook.com\/Miami.Tax.Expert\/","article_modified_time":"2022-01-13T18:37:53+00:00","og_image":[{"url":"https:\/\/miamitaxexpert.com\/wp-content\/uploads\/2020\/06\/Bill.jpg","type":"","width":"","height":""}],"twitter_card":"summary_large_image","twitter_site":"@Did_u_File","twitter_misc":{"Tiempo de lectura":"1 minuto"},"schema":{"@context":"https:\/\/schema.org","@graph":[{"@type":"WebPage","@id":"https:\/\/miamitaxexpert.com\/about-tax-expert\/bill\/","url":"https:\/\/miamitaxexpert.com\/about-tax-expert\/bill\/","name":"Bill - Miami Tax Expert","isPartOf":{"@id":"https:\/\/miamitaxexpert.com\/#website"},"datePublished":"2020-06-10T17:37:40+00:00","dateModified":"2022-01-13T18:37:53+00:00","breadcrumb":{"@id":"https:\/\/miamitaxexpert.com\/about-tax-expert\/bill\/#breadcrumb"},"inLanguage":"es","potentialAction":[{"@type":"ReadAction","target":["https:\/\/miamitaxexpert.com\/about-tax-expert\/bill\/"]}]},{"@type":"BreadcrumbList","@id":"https:\/\/miamitaxexpert.com\/about-tax-expert\/bill\/#breadcrumb","itemListElement":[{"@type":"ListItem","position":1,"name":"Home","item":"https:\/\/miamitaxexpert.com\/"},{"@type":"ListItem","position":2,"name":"About Us","item":"https:\/\/miamitaxexpert.com\/about-tax-expert\/"},{"@type":"ListItem","position":3,"name":"Bill"}]},{"@type":"WebSite","@id":"https:\/\/miamitaxexpert.com\/#website","url":"https:\/\/miamitaxexpert.com\/","name":"Miami Tax Expert","description":"","publisher":{"@id":"https:\/\/miamitaxexpert.com\/#organization"},"potentialAction":[{"@type":"SearchAction","target":{"@type":"EntryPoint","urlTemplate":"https:\/\/miamitaxexpert.com\/?s={search_term_string}"},"query-input":{"@type":"PropertyValueSpecification","valueRequired":true,"valueName":"search_term_string"}}],"inLanguage":"es"},{"@type":"Organization","@id":"https:\/\/miamitaxexpert.com\/#organization","name":"Miami Tax Expert","url":"https:\/\/miamitaxexpert.com\/","logo":{"@type":"ImageObject","inLanguage":"es","@id":"https:\/\/miamitaxexpert.com\/#\/schema\/logo\/image\/","url":"https:\/\/miamitaxexpert.com\/wp-content\/uploads\/2020\/05\/129CE3DB25EC3877.png","contentUrl":"https:\/\/miamitaxexpert.com\/wp-content\/uploads\/2020\/05\/129CE3DB25EC3877.png","width":109,"height":166,"caption":"Miami Tax Expert"},"image":{"@id":"https:\/\/miamitaxexpert.com\/#\/schema\/logo\/image\/"},"sameAs":["https:\/\/www.facebook.com\/Miami.Tax.Expert\/","https:\/\/x.com\/Did_u_File","https:\/\/www.instagram.com\/miami_tax_expert\/","https:\/\/www.linkedin.com\/company\/miami-tax-expert\/"]}]}},"_links":{"self":[{"href":"https:\/\/miamitaxexpert.com\/es\/wp-json\/wp\/v2\/pages\/203","targetHints":{"allow":["GET"]}}],"collection":[{"href":"https:\/\/miamitaxexpert.com\/es\/wp-json\/wp\/v2\/pages"}],"about":[{"href":"https:\/\/miamitaxexpert.com\/es\/wp-json\/wp\/v2\/types\/page"}],"author":[{"embeddable":true,"href":"https:\/\/miamitaxexpert.com\/es\/wp-json\/wp\/v2\/users\/1"}],"replies":[{"embeddable":true,"href":"https:\/\/miamitaxexpert.com\/es\/wp-json\/wp\/v2\/comments?post=203"}],"version-history":[{"count":0,"href":"https:\/\/miamitaxexpert.com\/es\/wp-json\/wp\/v2\/pages\/203\/revisions"}],"up":[{"embeddable":true,"href":"https:\/\/miamitaxexpert.com\/es\/wp-json\/wp\/v2\/pages\/8"}],"wp:attachment":[{"href":"https:\/\/miamitaxexpert.com\/es\/wp-json\/wp\/v2\/media?parent=203"}],"curies":[{"name":"wp","href":"https:\/\/api.w.org\/{rel}","templated":true}]}}