{"id":172,"date":"2020-06-10T16:55:36","date_gmt":"2020-06-10T16:55:36","guid":{"rendered":"http:\/\/miamitaxexpert.com\/?page_id=172"},"modified":"2023-07-28T06:07:15","modified_gmt":"2023-07-28T06:07:15","slug":"how-to-get-your-itin-number","status":"publish","type":"page","link":"https:\/\/miamitaxexpert.com\/es\/how-to-get-your-itin-number\/","title":{"rendered":"How to get your ITIN number"},"content":{"rendered":"<p><strong>\u00bfQu\u00e9 es un ITIN y para qu\u00e9 se utiliza?<\/strong><\/p>\n\n\n\n<p>An ITIN,&nbsp;or Individual Taxpayer Identification Number, is a tax processing number issued by the Internal Revenue Service(IRS). ITINs are issed by the IRS to people who require a U.S. taxpayer ID number but are inelligible to recieve a Social Security Number.<\/p>\n\n\n\n<p>Cualquier persona puedes obtener un ITIN sin importar su estado migratorio. Las personas deben tener un requisito de presentaci\u00f3n y presentar una declaraci\u00f3n de impuestos v\u00e1lida para recibir un n\u00famero ITIN.<\/p>\n\n\n\n<p><strong><u>Who needs an ITIN?<\/u><\/strong><\/p>\n\n\n\n<p>The IRS issues ITINs to foreign nationals and others who have tax reporting or filing needs but are not eligible for a Social Security Number. You can call Miami Tax Expert,\u00a0305-810-8509, and find out if you need an ITIN. <\/p>\n\n\n\n<p><strong><u>How do I apply?<\/u><\/strong><\/p>\n\n\n\n<p>The IRS provides a W-7 form which requires a valid federal income tax return to be attached, along with proof of identity. You can\u00a0contact Miami Tax Expert to receive assistance in filling out, and submitting a form W7\/ITIN application by clicking\u00a0<a href=\"https:\/\/miamitaxexpert.com\/es\/contact\/\">here<\/a>\u00a0or download the form directly from the IRS <a href=\"https:\/\/www.irs.gov\/pub\/irs-pdf\/fw7.pdf\" target=\"_blank\" rel=\"noreferrer noopener\">here<\/a>. As certifying acceptance agents you will not need to submit your passport to the IRS. We will handle the authentication as well as the required paperwork. <\/p>","protected":false},"excerpt":{"rendered":"<p>What is an ITIN, and what is it used for? An ITIN,&nbsp;or Individual Taxpayer Identification Number, is a tax processing number issued by the Internal Revenue Service(IRS). ITINs are issed by the IRS to people who require a U.S. taxpayer ID number but are inelligible to recieve a Social Security Number. ITINs can be issued to anyone regardless of immigration status. Individuals&nbsp;must have a filing requirement and file a valid tax return to receive an [&hellip;]<\/p>","protected":false},"author":1,"featured_media":173,"parent":0,"menu_order":0,"comment_status":"closed","ping_status":"closed","template":"","meta":{"_monsterinsights_skip_tracking":false,"_monsterinsights_sitenote_active":false,"_monsterinsights_sitenote_note":"","_monsterinsights_sitenote_category":0,"footnotes":""},"class_list":["post-172","page","type-page","status-publish","has-post-thumbnail","hentry"],"yoast_head":"<!-- This site is optimized with the Yoast SEO Premium plugin v20.12 (Yoast SEO v26.0) - https:\/\/yoast.com\/wordpress\/plugins\/seo\/ -->\n<title>How to get your ITIN number - Miami Tax Expert<\/title>\n<meta name=\"robots\" content=\"index, follow, max-snippet:-1, max-image-preview:large, max-video-preview:-1\" \/>\n<link rel=\"canonical\" href=\"https:\/\/miamitaxexpert.com\/es\/how-to-get-your-itin-number\/\" \/>\n<meta property=\"og:locale\" content=\"es_ES\" \/>\n<meta property=\"og:type\" content=\"article\" \/>\n<meta property=\"og:title\" content=\"How to get your ITIN number\" \/>\n<meta property=\"og:description\" content=\"What is an ITIN, and what is it used for? An ITIN,&nbsp;or Individual Taxpayer Identification Number, is a tax processing number issued by the Internal Revenue Service(IRS). ITINs are issed by the IRS to people who require a U.S. taxpayer ID number but are inelligible to recieve a Social Security Number. ITINs can be issued to anyone regardless of immigration status. Individuals&nbsp;must have a filing requirement and file a valid tax return to receive an [&hellip;]\" \/>\n<meta property=\"og:url\" content=\"https:\/\/miamitaxexpert.com\/es\/how-to-get-your-itin-number\/\" \/>\n<meta property=\"og:site_name\" content=\"Miami Tax Expert\" \/>\n<meta property=\"article:publisher\" content=\"https:\/\/www.facebook.com\/Miami.Tax.Expert\/\" \/>\n<meta property=\"article:modified_time\" content=\"2023-07-28T06:07:15+00:00\" \/>\n<meta property=\"og:image\" content=\"https:\/\/miamitaxexpert.com\/wp-content\/uploads\/2020\/06\/GettyImages-924528346.jpg\" \/>\n\t<meta property=\"og:image:width\" content=\"2121\" \/>\n\t<meta property=\"og:image:height\" content=\"1414\" \/>\n\t<meta property=\"og:image:type\" content=\"image\/jpeg\" \/>\n<meta name=\"twitter:card\" content=\"summary_large_image\" \/>\n<meta name=\"twitter:site\" content=\"@Did_u_File\" \/>\n<meta name=\"twitter:label1\" content=\"Tiempo de lectura\" \/>\n\t<meta name=\"twitter:data1\" content=\"1 minuto\" \/>\n<script type=\"application\/ld+json\" class=\"yoast-schema-graph\">{\"@context\":\"https:\/\/schema.org\",\"@graph\":[{\"@type\":\"WebPage\",\"@id\":\"https:\/\/miamitaxexpert.com\/how-to-get-your-itin-number\/\",\"url\":\"https:\/\/miamitaxexpert.com\/how-to-get-your-itin-number\/\",\"name\":\"How to get your ITIN number - Miami Tax Expert\",\"isPartOf\":{\"@id\":\"https:\/\/miamitaxexpert.com\/#website\"},\"primaryImageOfPage\":{\"@id\":\"https:\/\/miamitaxexpert.com\/how-to-get-your-itin-number\/#primaryimage\"},\"image\":{\"@id\":\"https:\/\/miamitaxexpert.com\/how-to-get-your-itin-number\/#primaryimage\"},\"thumbnailUrl\":\"https:\/\/miamitaxexpert.com\/wp-content\/uploads\/2020\/06\/GettyImages-924528346.jpg\",\"datePublished\":\"2020-06-10T16:55:36+00:00\",\"dateModified\":\"2023-07-28T06:07:15+00:00\",\"breadcrumb\":{\"@id\":\"https:\/\/miamitaxexpert.com\/how-to-get-your-itin-number\/#breadcrumb\"},\"inLanguage\":\"es\",\"potentialAction\":[{\"@type\":\"ReadAction\",\"target\":[\"https:\/\/miamitaxexpert.com\/how-to-get-your-itin-number\/\"]}]},{\"@type\":\"ImageObject\",\"inLanguage\":\"es\",\"@id\":\"https:\/\/miamitaxexpert.com\/how-to-get-your-itin-number\/#primaryimage\",\"url\":\"https:\/\/miamitaxexpert.com\/wp-content\/uploads\/2020\/06\/GettyImages-924528346.jpg\",\"contentUrl\":\"https:\/\/miamitaxexpert.com\/wp-content\/uploads\/2020\/06\/GettyImages-924528346.jpg\",\"width\":2121,\"height\":1414,\"caption\":\"W-7 tax form for non-US citizens, financial concept\"},{\"@type\":\"BreadcrumbList\",\"@id\":\"https:\/\/miamitaxexpert.com\/how-to-get-your-itin-number\/#breadcrumb\",\"itemListElement\":[{\"@type\":\"ListItem\",\"position\":1,\"name\":\"Home\",\"item\":\"https:\/\/miamitaxexpert.com\/\"},{\"@type\":\"ListItem\",\"position\":2,\"name\":\"How to get your ITIN number\"}]},{\"@type\":\"WebSite\",\"@id\":\"https:\/\/miamitaxexpert.com\/#website\",\"url\":\"https:\/\/miamitaxexpert.com\/\",\"name\":\"Miami Tax Expert\",\"description\":\"\",\"publisher\":{\"@id\":\"https:\/\/miamitaxexpert.com\/#organization\"},\"potentialAction\":[{\"@type\":\"SearchAction\",\"target\":{\"@type\":\"EntryPoint\",\"urlTemplate\":\"https:\/\/miamitaxexpert.com\/?s={search_term_string}\"},\"query-input\":{\"@type\":\"PropertyValueSpecification\",\"valueRequired\":true,\"valueName\":\"search_term_string\"}}],\"inLanguage\":\"es\"},{\"@type\":\"Organization\",\"@id\":\"https:\/\/miamitaxexpert.com\/#organization\",\"name\":\"Miami Tax Expert\",\"url\":\"https:\/\/miamitaxexpert.com\/\",\"logo\":{\"@type\":\"ImageObject\",\"inLanguage\":\"es\",\"@id\":\"https:\/\/miamitaxexpert.com\/#\/schema\/logo\/image\/\",\"url\":\"https:\/\/miamitaxexpert.com\/wp-content\/uploads\/2020\/05\/129CE3DB25EC3877.png\",\"contentUrl\":\"https:\/\/miamitaxexpert.com\/wp-content\/uploads\/2020\/05\/129CE3DB25EC3877.png\",\"width\":109,\"height\":166,\"caption\":\"Miami Tax Expert\"},\"image\":{\"@id\":\"https:\/\/miamitaxexpert.com\/#\/schema\/logo\/image\/\"},\"sameAs\":[\"https:\/\/www.facebook.com\/Miami.Tax.Expert\/\",\"https:\/\/x.com\/Did_u_File\",\"https:\/\/www.instagram.com\/miami_tax_expert\/\",\"https:\/\/www.linkedin.com\/company\/miami-tax-expert\/\"]}]}<\/script>\n<!-- \/ Yoast SEO Premium plugin. -->","yoast_head_json":{"title":"How to get your ITIN number - Miami Tax Expert","robots":{"index":"index","follow":"follow","max-snippet":"max-snippet:-1","max-image-preview":"max-image-preview:large","max-video-preview":"max-video-preview:-1"},"canonical":"https:\/\/miamitaxexpert.com\/es\/how-to-get-your-itin-number\/","og_locale":"es_ES","og_type":"article","og_title":"How to get your ITIN number","og_description":"What is an ITIN, and what is it used for? An ITIN,&nbsp;or Individual Taxpayer Identification Number, is a tax processing number issued by the Internal Revenue Service(IRS). ITINs are issed by the IRS to people who require a U.S. taxpayer ID number but are inelligible to recieve a Social Security Number. ITINs can be issued to anyone regardless of immigration status. Individuals&nbsp;must have a filing requirement and file a valid tax return to receive an [&hellip;]","og_url":"https:\/\/miamitaxexpert.com\/es\/how-to-get-your-itin-number\/","og_site_name":"Miami Tax Expert","article_publisher":"https:\/\/www.facebook.com\/Miami.Tax.Expert\/","article_modified_time":"2023-07-28T06:07:15+00:00","og_image":[{"width":2121,"height":1414,"url":"https:\/\/miamitaxexpert.com\/wp-content\/uploads\/2020\/06\/GettyImages-924528346.jpg","type":"image\/jpeg"}],"twitter_card":"summary_large_image","twitter_site":"@Did_u_File","twitter_misc":{"Tiempo de lectura":"1 minuto"},"schema":{"@context":"https:\/\/schema.org","@graph":[{"@type":"WebPage","@id":"https:\/\/miamitaxexpert.com\/how-to-get-your-itin-number\/","url":"https:\/\/miamitaxexpert.com\/how-to-get-your-itin-number\/","name":"How to get your ITIN number - Miami Tax Expert","isPartOf":{"@id":"https:\/\/miamitaxexpert.com\/#website"},"primaryImageOfPage":{"@id":"https:\/\/miamitaxexpert.com\/how-to-get-your-itin-number\/#primaryimage"},"image":{"@id":"https:\/\/miamitaxexpert.com\/how-to-get-your-itin-number\/#primaryimage"},"thumbnailUrl":"https:\/\/miamitaxexpert.com\/wp-content\/uploads\/2020\/06\/GettyImages-924528346.jpg","datePublished":"2020-06-10T16:55:36+00:00","dateModified":"2023-07-28T06:07:15+00:00","breadcrumb":{"@id":"https:\/\/miamitaxexpert.com\/how-to-get-your-itin-number\/#breadcrumb"},"inLanguage":"es","potentialAction":[{"@type":"ReadAction","target":["https:\/\/miamitaxexpert.com\/how-to-get-your-itin-number\/"]}]},{"@type":"ImageObject","inLanguage":"es","@id":"https:\/\/miamitaxexpert.com\/how-to-get-your-itin-number\/#primaryimage","url":"https:\/\/miamitaxexpert.com\/wp-content\/uploads\/2020\/06\/GettyImages-924528346.jpg","contentUrl":"https:\/\/miamitaxexpert.com\/wp-content\/uploads\/2020\/06\/GettyImages-924528346.jpg","width":2121,"height":1414,"caption":"W-7 tax form for non-US citizens, financial concept"},{"@type":"BreadcrumbList","@id":"https:\/\/miamitaxexpert.com\/how-to-get-your-itin-number\/#breadcrumb","itemListElement":[{"@type":"ListItem","position":1,"name":"Home","item":"https:\/\/miamitaxexpert.com\/"},{"@type":"ListItem","position":2,"name":"How to get your ITIN number"}]},{"@type":"WebSite","@id":"https:\/\/miamitaxexpert.com\/#website","url":"https:\/\/miamitaxexpert.com\/","name":"Miami Tax Expert","description":"","publisher":{"@id":"https:\/\/miamitaxexpert.com\/#organization"},"potentialAction":[{"@type":"SearchAction","target":{"@type":"EntryPoint","urlTemplate":"https:\/\/miamitaxexpert.com\/?s={search_term_string}"},"query-input":{"@type":"PropertyValueSpecification","valueRequired":true,"valueName":"search_term_string"}}],"inLanguage":"es"},{"@type":"Organization","@id":"https:\/\/miamitaxexpert.com\/#organization","name":"Miami Tax Expert","url":"https:\/\/miamitaxexpert.com\/","logo":{"@type":"ImageObject","inLanguage":"es","@id":"https:\/\/miamitaxexpert.com\/#\/schema\/logo\/image\/","url":"https:\/\/miamitaxexpert.com\/wp-content\/uploads\/2020\/05\/129CE3DB25EC3877.png","contentUrl":"https:\/\/miamitaxexpert.com\/wp-content\/uploads\/2020\/05\/129CE3DB25EC3877.png","width":109,"height":166,"caption":"Miami Tax Expert"},"image":{"@id":"https:\/\/miamitaxexpert.com\/#\/schema\/logo\/image\/"},"sameAs":["https:\/\/www.facebook.com\/Miami.Tax.Expert\/","https:\/\/x.com\/Did_u_File","https:\/\/www.instagram.com\/miami_tax_expert\/","https:\/\/www.linkedin.com\/company\/miami-tax-expert\/"]}]}},"_links":{"self":[{"href":"https:\/\/miamitaxexpert.com\/es\/wp-json\/wp\/v2\/pages\/172","targetHints":{"allow":["GET"]}}],"collection":[{"href":"https:\/\/miamitaxexpert.com\/es\/wp-json\/wp\/v2\/pages"}],"about":[{"href":"https:\/\/miamitaxexpert.com\/es\/wp-json\/wp\/v2\/types\/page"}],"author":[{"embeddable":true,"href":"https:\/\/miamitaxexpert.com\/es\/wp-json\/wp\/v2\/users\/1"}],"replies":[{"embeddable":true,"href":"https:\/\/miamitaxexpert.com\/es\/wp-json\/wp\/v2\/comments?post=172"}],"version-history":[{"count":0,"href":"https:\/\/miamitaxexpert.com\/es\/wp-json\/wp\/v2\/pages\/172\/revisions"}],"wp:featuredmedia":[{"embeddable":true,"href":"https:\/\/miamitaxexpert.com\/es\/wp-json\/wp\/v2\/media\/173"}],"wp:attachment":[{"href":"https:\/\/miamitaxexpert.com\/es\/wp-json\/wp\/v2\/media?parent=172"}],"curies":[{"name":"wp","href":"https:\/\/api.w.org\/{rel}","templated":true}]}}